{"id":1182,"date":"2025-05-27T09:20:12","date_gmt":"2025-05-27T09:20:12","guid":{"rendered":"https:\/\/apportal.it\/blog\/"},"modified":"2025-07-07T13:45:49","modified_gmt":"2025-07-07T13:45:49","slug":"blog","status":"publish","type":"page","link":"https:\/\/apportal.it\/es\/blog\/","title":{"rendered":"Reflexiones sobre el cansancio"},"content":{"rendered":"\n<div class=\"wp-block-columns is-layout-flex wp-container-core-columns-is-layout-9d6595d7 wp-block-columns-is-layout-flex\">\n<div class=\"wp-block-column is-layout-flow wp-block-column-is-layout-flow\">\n<h2 class=\"wp-block-heading\">L\u00ednea Apportal<sup>\u00ae<\/sup>: tus aliados cuando realmente importa<\/h2>\n\n\n\n<h3 class=\"wp-block-heading\">Para gestionar el cansancio f\u00edsico y mental, es fundamental comprender sus causas profundas y adoptar un enfoque integrado que tenga en cuenta diferentes elementos y \u00e1mbitos.<\/h3>\n<\/div>\n\n\n\n<div class=\"wp-block-column is-layout-flow wp-block-column-is-layout-flow\">\n<p>El cansancio puede manifestarse de diferentes maneras seg\u00fan las circunstancias, ya sea <strong>estr\u00e9s laboral, convalecencia o cambios estacionales<\/strong>. Investigar las causas, adoptar estrategias de recuperaci\u00f3n eficaces e integrar un apoyo nutricional espec\u00edfico son aspectos fundamentales para reactivar el organismo y <strong>ayudarlo a recuperar su vitalidad natural<\/strong>.<br><br>En nuestro blog, encontrar\u00e1s <strong>informaci\u00f3n \u00fatil y herramientas concretas para afrontar (y superar) el cansancio<\/strong> de forma consciente y espec\u00edfica, desde una dieta equilibrada hasta la actividad f\u00edsica para reactivar la energ\u00eda, desde el comportamiento a adoptar durante los periodos m\u00e1s intensos y delicados hasta la elecci\u00f3n de los complementos adecuados para el uso diario.<\/p>\n<\/div>\n<\/div>\n\n\n\n<p><\/p>\n","protected":false},"excerpt":{"rendered":"<p>L\u00ednea Apportal\u00ae: tus aliados cuando realmente importa Para gestionar el cansancio f\u00edsico y mental, es fundamental comprender sus causas profundas y adoptar un enfoque integrado que tenga en cuenta diferentes elementos y \u00e1mbitos. El cansancio puede manifestarse de diferentes maneras seg\u00fan las circunstancias, ya sea estr\u00e9s laboral, convalecencia o cambios estacionales. Investigar las causas, adoptar [&hellip;]<\/p>\n","protected":false},"author":1,"featured_media":0,"parent":0,"menu_order":0,"comment_status":"closed","ping_status":"closed","template":"templates\/page-blog-archive.php","meta":{"footnotes":""},"class_list":["post-1182","page","type-page","status-publish","hentry"],"yoast_head":"<!-- This site is optimized with the Yoast SEO plugin v27.3 - https:\/\/yoast.com\/product\/yoast-seo-wordpress\/ -->\n<title>Reflexiones sobre el cansancio - Apportal<\/title>\n<meta name=\"description\" content=\"Para manejar el cansancio, es fundamental comprender sus causas ra\u00edz y adoptar un enfoque hol\u00edstico que tenga en cuenta diversos factores.\" \/>\n<meta name=\"robots\" content=\"index, follow, max-snippet:-1, max-image-preview:large, max-video-preview:-1\" \/>\n<link rel=\"canonical\" href=\"https:\/\/apportal.it\/es\/blog\/\" \/>\n<meta property=\"og:locale\" content=\"es_ES\" \/>\n<meta property=\"og:type\" content=\"article\" \/>\n<meta property=\"og:title\" content=\"Reflexiones sobre el cansancio - Apportal\" \/>\n<meta property=\"og:description\" content=\"Para manejar el cansancio, es fundamental comprender sus causas ra\u00edz y adoptar un enfoque hol\u00edstico que tenga en cuenta diversos factores.\" \/>\n<meta property=\"og:url\" content=\"https:\/\/apportal.it\/es\/blog\/\" \/>\n<meta property=\"og:site_name\" content=\"Apportal\" \/>\n<meta property=\"article:modified_time\" content=\"2025-07-07T13:45:49+00:00\" \/>\n<meta name=\"twitter:card\" content=\"summary_large_image\" \/>\n<meta name=\"twitter:label1\" content=\"Tiempo de lectura\" \/>\n\t<meta name=\"twitter:data1\" content=\"1 minuto\" \/>\n<script type=\"application\/ld+json\" class=\"yoast-schema-graph\">{\"@context\":\"https:\\\/\\\/schema.org\",\"@graph\":[{\"@type\":\"WebPage\",\"@id\":\"https:\\\/\\\/apportal.it\\\/es\\\/blog\\\/\",\"url\":\"https:\\\/\\\/apportal.it\\\/es\\\/blog\\\/\",\"name\":\"Reflexiones sobre el cansancio - Apportal\",\"isPartOf\":{\"@id\":\"https:\\\/\\\/apportal.it\\\/es\\\/#website\"},\"datePublished\":\"2025-05-27T09:20:12+00:00\",\"dateModified\":\"2025-07-07T13:45:49+00:00\",\"description\":\"Para manejar el cansancio, es fundamental comprender sus causas ra\u00edz y adoptar un enfoque hol\u00edstico que tenga en cuenta diversos factores.\",\"breadcrumb\":{\"@id\":\"https:\\\/\\\/apportal.it\\\/es\\\/blog\\\/#breadcrumb\"},\"inLanguage\":\"es\",\"potentialAction\":[{\"@type\":\"ReadAction\",\"target\":[\"https:\\\/\\\/apportal.it\\\/es\\\/blog\\\/\"]}]},{\"@type\":\"BreadcrumbList\",\"@id\":\"https:\\\/\\\/apportal.it\\\/es\\\/blog\\\/#breadcrumb\",\"itemListElement\":[{\"@type\":\"ListItem\",\"position\":1,\"name\":\"Home\",\"item\":\"https:\\\/\\\/apportal.it\\\/es\\\/\"},{\"@type\":\"ListItem\",\"position\":2,\"name\":\"Reflexiones sobre el cansancio\"}]},{\"@type\":\"WebSite\",\"@id\":\"https:\\\/\\\/apportal.it\\\/es\\\/#website\",\"url\":\"https:\\\/\\\/apportal.it\\\/es\\\/\",\"name\":\"Apportal\",\"description\":\"\",\"publisher\":{\"@id\":\"https:\\\/\\\/apportal.it\\\/es\\\/#organization\"},\"potentialAction\":[{\"@type\":\"SearchAction\",\"target\":{\"@type\":\"EntryPoint\",\"urlTemplate\":\"https:\\\/\\\/apportal.it\\\/es\\\/?s={search_term_string}\"},\"query-input\":{\"@type\":\"PropertyValueSpecification\",\"valueRequired\":true,\"valueName\":\"search_term_string\"}}],\"inLanguage\":\"es\"},{\"@type\":\"Organization\",\"@id\":\"https:\\\/\\\/apportal.it\\\/es\\\/#organization\",\"name\":\"Apportal\",\"url\":\"https:\\\/\\\/apportal.it\\\/es\\\/\",\"logo\":{\"@type\":\"ImageObject\",\"inLanguage\":\"es\",\"@id\":\"https:\\\/\\\/apportal.it\\\/es\\\/#\\\/schema\\\/logo\\\/image\\\/\",\"url\":\"https:\\\/\\\/apportal.it\\\/wp-content\\\/uploads\\\/2025\\\/05\\\/apportal_logo.png\",\"contentUrl\":\"https:\\\/\\\/apportal.it\\\/wp-content\\\/uploads\\\/2025\\\/05\\\/apportal_logo.png\",\"width\":964,\"height\":264,\"caption\":\"Apportal\"},\"image\":{\"@id\":\"https:\\\/\\\/apportal.it\\\/es\\\/#\\\/schema\\\/logo\\\/image\\\/\"}}]}<\/script>\n<!-- \/ Yoast SEO plugin. -->","yoast_head_json":{"title":"Reflexiones sobre el cansancio - Apportal","description":"Para manejar el cansancio, es fundamental comprender sus causas ra\u00edz y adoptar un enfoque hol\u00edstico que tenga en cuenta diversos factores.","robots":{"index":"index","follow":"follow","max-snippet":"max-snippet:-1","max-image-preview":"max-image-preview:large","max-video-preview":"max-video-preview:-1"},"canonical":"https:\/\/apportal.it\/es\/blog\/","og_locale":"es_ES","og_type":"article","og_title":"Reflexiones sobre el cansancio - Apportal","og_description":"Para manejar el cansancio, es fundamental comprender sus causas ra\u00edz y adoptar un enfoque hol\u00edstico que tenga en cuenta diversos factores.","og_url":"https:\/\/apportal.it\/es\/blog\/","og_site_name":"Apportal","article_modified_time":"2025-07-07T13:45:49+00:00","twitter_card":"summary_large_image","twitter_misc":{"Tiempo de lectura":"1 minuto"},"schema":{"@context":"https:\/\/schema.org","@graph":[{"@type":"WebPage","@id":"https:\/\/apportal.it\/es\/blog\/","url":"https:\/\/apportal.it\/es\/blog\/","name":"Reflexiones sobre el cansancio - Apportal","isPartOf":{"@id":"https:\/\/apportal.it\/es\/#website"},"datePublished":"2025-05-27T09:20:12+00:00","dateModified":"2025-07-07T13:45:49+00:00","description":"Para manejar el cansancio, es fundamental comprender sus causas ra\u00edz y adoptar un enfoque hol\u00edstico que tenga en cuenta diversos factores.","breadcrumb":{"@id":"https:\/\/apportal.it\/es\/blog\/#breadcrumb"},"inLanguage":"es","potentialAction":[{"@type":"ReadAction","target":["https:\/\/apportal.it\/es\/blog\/"]}]},{"@type":"BreadcrumbList","@id":"https:\/\/apportal.it\/es\/blog\/#breadcrumb","itemListElement":[{"@type":"ListItem","position":1,"name":"Home","item":"https:\/\/apportal.it\/es\/"},{"@type":"ListItem","position":2,"name":"Reflexiones sobre el cansancio"}]},{"@type":"WebSite","@id":"https:\/\/apportal.it\/es\/#website","url":"https:\/\/apportal.it\/es\/","name":"Apportal","description":"","publisher":{"@id":"https:\/\/apportal.it\/es\/#organization"},"potentialAction":[{"@type":"SearchAction","target":{"@type":"EntryPoint","urlTemplate":"https:\/\/apportal.it\/es\/?s={search_term_string}"},"query-input":{"@type":"PropertyValueSpecification","valueRequired":true,"valueName":"search_term_string"}}],"inLanguage":"es"},{"@type":"Organization","@id":"https:\/\/apportal.it\/es\/#organization","name":"Apportal","url":"https:\/\/apportal.it\/es\/","logo":{"@type":"ImageObject","inLanguage":"es","@id":"https:\/\/apportal.it\/es\/#\/schema\/logo\/image\/","url":"https:\/\/apportal.it\/wp-content\/uploads\/2025\/05\/apportal_logo.png","contentUrl":"https:\/\/apportal.it\/wp-content\/uploads\/2025\/05\/apportal_logo.png","width":964,"height":264,"caption":"Apportal"},"image":{"@id":"https:\/\/apportal.it\/es\/#\/schema\/logo\/image\/"}}]}},"_links":{"self":[{"href":"https:\/\/apportal.it\/es\/wp-json\/wp\/v2\/pages\/1182","targetHints":{"allow":["GET"]}}],"collection":[{"href":"https:\/\/apportal.it\/es\/wp-json\/wp\/v2\/pages"}],"about":[{"href":"https:\/\/apportal.it\/es\/wp-json\/wp\/v2\/types\/page"}],"author":[{"embeddable":true,"href":"https:\/\/apportal.it\/es\/wp-json\/wp\/v2\/users\/1"}],"replies":[{"embeddable":true,"href":"https:\/\/apportal.it\/es\/wp-json\/wp\/v2\/comments?post=1182"}],"version-history":[{"count":3,"href":"https:\/\/apportal.it\/es\/wp-json\/wp\/v2\/pages\/1182\/revisions"}],"predecessor-version":[{"id":1355,"href":"https:\/\/apportal.it\/es\/wp-json\/wp\/v2\/pages\/1182\/revisions\/1355"}],"wp:attachment":[{"href":"https:\/\/apportal.it\/es\/wp-json\/wp\/v2\/media?parent=1182"}],"curies":[{"name":"wp","href":"https:\/\/api.w.org\/{rel}","templated":true}]}}