{"id":1283,"date":"2025-05-02T10:51:53","date_gmt":"2025-05-02T10:51:53","guid":{"rendered":"https:\/\/apportal.it\/?page_id=1283"},"modified":"2026-02-27T16:30:30","modified_gmt":"2026-02-27T16:30:30","slug":"linea-apportal-mas-energia-para-tu-vida","status":"publish","type":"page","link":"https:\/\/apportal.it\/es\/","title":{"rendered":"L\u00ednea Apportal\u00ae: m\u00e1s energ\u00eda para tu vida"},"content":{"rendered":"","protected":false},"excerpt":{"rendered":"","protected":false},"author":4,"featured_media":0,"parent":0,"menu_order":0,"comment_status":"closed","ping_status":"closed","template":"templates\/home-page.php","meta":{"footnotes":""},"class_list":["post-1283","page","type-page","status-publish","hentry"],"yoast_head":"<!-- This site is optimized with the Yoast SEO plugin v27.3 - https:\/\/yoast.com\/product\/yoast-seo-wordpress\/ -->\n<title>L\u00ednea Apportal\u00ae: m\u00e1s energ\u00eda para tu vida - Apportal<\/title>\n<meta name=\"description\" content=\"Descubre la l\u00ednea de suplementos Apportal\u00ae: tres soluciones pensadas para todos y para aportar energ\u00eda a tu cuerpo cuando m\u00e1s la necesita.\" \/>\n<meta name=\"robots\" content=\"index, follow, max-snippet:-1, max-image-preview:large, max-video-preview:-1\" \/>\n<link rel=\"canonical\" href=\"https:\/\/apportal.it\/es\/\" \/>\n<meta property=\"og:locale\" content=\"es_ES\" \/>\n<meta property=\"og:type\" content=\"article\" \/>\n<meta property=\"og:title\" content=\"L\u00ednea Apportal\u00ae: m\u00e1s energ\u00eda para tu vida - Apportal\" \/>\n<meta property=\"og:description\" content=\"Descubre la l\u00ednea de suplementos Apportal\u00ae: tres soluciones pensadas para todos y para aportar energ\u00eda a tu cuerpo cuando m\u00e1s la necesita.\" \/>\n<meta property=\"og:url\" content=\"https:\/\/apportal.it\/es\/\" \/>\n<meta property=\"og:site_name\" content=\"Apportal\" \/>\n<meta property=\"article:modified_time\" content=\"2026-02-27T16:30:30+00:00\" \/>\n<meta name=\"twitter:card\" content=\"summary_large_image\" \/>\n<script type=\"application\/ld+json\" class=\"yoast-schema-graph\">{\"@context\":\"https:\\\/\\\/schema.org\",\"@graph\":[{\"@type\":\"WebPage\",\"@id\":\"https:\\\/\\\/apportal.it\\\/es\\\/\",\"url\":\"https:\\\/\\\/apportal.it\\\/es\\\/\",\"name\":\"L\u00ednea Apportal\u00ae: m\u00e1s energ\u00eda para tu vida - Apportal\",\"isPartOf\":{\"@id\":\"https:\\\/\\\/apportal.it\\\/es\\\/#website\"},\"datePublished\":\"2025-05-02T10:51:53+00:00\",\"dateModified\":\"2026-02-27T16:30:30+00:00\",\"description\":\"Descubre la l\u00ednea de suplementos Apportal\u00ae: tres soluciones pensadas para todos y para aportar energ\u00eda a tu cuerpo cuando m\u00e1s la necesita.\",\"breadcrumb\":{\"@id\":\"https:\\\/\\\/apportal.it\\\/es\\\/#breadcrumb\"},\"inLanguage\":\"es\",\"potentialAction\":[{\"@type\":\"ReadAction\",\"target\":[\"https:\\\/\\\/apportal.it\\\/es\\\/\"]}]},{\"@type\":\"BreadcrumbList\",\"@id\":\"https:\\\/\\\/apportal.it\\\/es\\\/#breadcrumb\",\"itemListElement\":[{\"@type\":\"ListItem\",\"position\":1,\"name\":\"Home\",\"item\":\"https:\\\/\\\/apportal.it\\\/es\\\/\"},{\"@type\":\"ListItem\",\"position\":2,\"name\":\"L\u00ednea Apportal\u00ae: m\u00e1s energ\u00eda para tu vida\"}]},{\"@type\":\"WebSite\",\"@id\":\"https:\\\/\\\/apportal.it\\\/es\\\/#website\",\"url\":\"https:\\\/\\\/apportal.it\\\/es\\\/\",\"name\":\"Apportal\",\"description\":\"\",\"publisher\":{\"@id\":\"https:\\\/\\\/apportal.it\\\/es\\\/#organization\"},\"potentialAction\":[{\"@type\":\"SearchAction\",\"target\":{\"@type\":\"EntryPoint\",\"urlTemplate\":\"https:\\\/\\\/apportal.it\\\/es\\\/?s={search_term_string}\"},\"query-input\":{\"@type\":\"PropertyValueSpecification\",\"valueRequired\":true,\"valueName\":\"search_term_string\"}}],\"inLanguage\":\"es\"},{\"@type\":\"Organization\",\"@id\":\"https:\\\/\\\/apportal.it\\\/es\\\/#organization\",\"name\":\"Apportal\",\"url\":\"https:\\\/\\\/apportal.it\\\/es\\\/\",\"logo\":{\"@type\":\"ImageObject\",\"inLanguage\":\"es\",\"@id\":\"https:\\\/\\\/apportal.it\\\/es\\\/#\\\/schema\\\/logo\\\/image\\\/\",\"url\":\"https:\\\/\\\/apportal.it\\\/wp-content\\\/uploads\\\/2025\\\/05\\\/apportal_logo.png\",\"contentUrl\":\"https:\\\/\\\/apportal.it\\\/wp-content\\\/uploads\\\/2025\\\/05\\\/apportal_logo.png\",\"width\":964,\"height\":264,\"caption\":\"Apportal\"},\"image\":{\"@id\":\"https:\\\/\\\/apportal.it\\\/es\\\/#\\\/schema\\\/logo\\\/image\\\/\"}}]}<\/script>\n<!-- \/ Yoast SEO plugin. -->","yoast_head_json":{"title":"L\u00ednea Apportal\u00ae: m\u00e1s energ\u00eda para tu vida - Apportal","description":"Descubre la l\u00ednea de suplementos Apportal\u00ae: tres soluciones pensadas para todos y para aportar energ\u00eda a tu cuerpo cuando m\u00e1s la necesita.","robots":{"index":"index","follow":"follow","max-snippet":"max-snippet:-1","max-image-preview":"max-image-preview:large","max-video-preview":"max-video-preview:-1"},"canonical":"https:\/\/apportal.it\/es\/","og_locale":"es_ES","og_type":"article","og_title":"L\u00ednea Apportal\u00ae: m\u00e1s energ\u00eda para tu vida - Apportal","og_description":"Descubre la l\u00ednea de suplementos Apportal\u00ae: tres soluciones pensadas para todos y para aportar energ\u00eda a tu cuerpo cuando m\u00e1s la necesita.","og_url":"https:\/\/apportal.it\/es\/","og_site_name":"Apportal","article_modified_time":"2026-02-27T16:30:30+00:00","twitter_card":"summary_large_image","schema":{"@context":"https:\/\/schema.org","@graph":[{"@type":"WebPage","@id":"https:\/\/apportal.it\/es\/","url":"https:\/\/apportal.it\/es\/","name":"L\u00ednea Apportal\u00ae: m\u00e1s energ\u00eda para tu vida - Apportal","isPartOf":{"@id":"https:\/\/apportal.it\/es\/#website"},"datePublished":"2025-05-02T10:51:53+00:00","dateModified":"2026-02-27T16:30:30+00:00","description":"Descubre la l\u00ednea de suplementos Apportal\u00ae: tres soluciones pensadas para todos y para aportar energ\u00eda a tu cuerpo cuando m\u00e1s la necesita.","breadcrumb":{"@id":"https:\/\/apportal.it\/es\/#breadcrumb"},"inLanguage":"es","potentialAction":[{"@type":"ReadAction","target":["https:\/\/apportal.it\/es\/"]}]},{"@type":"BreadcrumbList","@id":"https:\/\/apportal.it\/es\/#breadcrumb","itemListElement":[{"@type":"ListItem","position":1,"name":"Home","item":"https:\/\/apportal.it\/es\/"},{"@type":"ListItem","position":2,"name":"L\u00ednea Apportal\u00ae: m\u00e1s energ\u00eda para tu vida"}]},{"@type":"WebSite","@id":"https:\/\/apportal.it\/es\/#website","url":"https:\/\/apportal.it\/es\/","name":"Apportal","description":"","publisher":{"@id":"https:\/\/apportal.it\/es\/#organization"},"potentialAction":[{"@type":"SearchAction","target":{"@type":"EntryPoint","urlTemplate":"https:\/\/apportal.it\/es\/?s={search_term_string}"},"query-input":{"@type":"PropertyValueSpecification","valueRequired":true,"valueName":"search_term_string"}}],"inLanguage":"es"},{"@type":"Organization","@id":"https:\/\/apportal.it\/es\/#organization","name":"Apportal","url":"https:\/\/apportal.it\/es\/","logo":{"@type":"ImageObject","inLanguage":"es","@id":"https:\/\/apportal.it\/es\/#\/schema\/logo\/image\/","url":"https:\/\/apportal.it\/wp-content\/uploads\/2025\/05\/apportal_logo.png","contentUrl":"https:\/\/apportal.it\/wp-content\/uploads\/2025\/05\/apportal_logo.png","width":964,"height":264,"caption":"Apportal"},"image":{"@id":"https:\/\/apportal.it\/es\/#\/schema\/logo\/image\/"}}]}},"_links":{"self":[{"href":"https:\/\/apportal.it\/es\/wp-json\/wp\/v2\/pages\/1283","targetHints":{"allow":["GET"]}}],"collection":[{"href":"https:\/\/apportal.it\/es\/wp-json\/wp\/v2\/pages"}],"about":[{"href":"https:\/\/apportal.it\/es\/wp-json\/wp\/v2\/types\/page"}],"author":[{"embeddable":true,"href":"https:\/\/apportal.it\/es\/wp-json\/wp\/v2\/users\/4"}],"replies":[{"embeddable":true,"href":"https:\/\/apportal.it\/es\/wp-json\/wp\/v2\/comments?post=1283"}],"version-history":[{"count":1,"href":"https:\/\/apportal.it\/es\/wp-json\/wp\/v2\/pages\/1283\/revisions"}],"predecessor-version":[{"id":1284,"href":"https:\/\/apportal.it\/es\/wp-json\/wp\/v2\/pages\/1283\/revisions\/1284"}],"wp:attachment":[{"href":"https:\/\/apportal.it\/es\/wp-json\/wp\/v2\/media?parent=1283"}],"curies":[{"name":"wp","href":"https:\/\/api.w.org\/{rel}","templated":true}]}}