{"id":1202,"date":"2025-05-28T12:31:16","date_gmt":"2025-05-28T12:31:16","guid":{"rendered":"https:\/\/apportal.it\/?page_id=1202"},"modified":"2025-05-28T19:51:34","modified_gmt":"2025-05-28T19:51:34","slug":"privacy-cookie-policy","status":"publish","type":"page","link":"https:\/\/apportal.it\/it\/privacy-cookie-policy\/","title":{"rendered":"Privacy &amp; Cookie Policy"},"content":{"rendered":"\n<h2 class=\"wp-block-heading\" id=\"90510001\">Informativa sul trattamento dei dati personali ex artt. 13-14 Reg.to UE 2016\/679<\/h2>\n\n\n\n<h3 class=\"wp-block-heading\" id=\"90510002\">Soggetti Interessati: Navigatori del portale apportal.it.<\/h3>\n\n\n\n<p id=\"90510003\">PHARMANUTRA S.p.A. nella qualit\u00e0 di Titolare del trattamento dei Suoi dati personali, ai sensi e per gli effetti del Reg.to UE 2016\/679 di seguito &#8216;GDPR&#8217;, con la presente La informa che la citata normativa prevede la tutela degli interessati rispetto al trattamento dei dati personali e che tale trattamento sar\u00e0 improntato ai principi di correttezza, liceit\u00e0, trasparenza e di tutela della Sua riservatezza e dei Suoi diritti.<\/p>\n\n\n\n<p id=\"90510038\">I Suoi dati personali verranno trattati in accordo alle disposizioni legislative della normativa sopra richiamata e degli obblighi di riservatezza ivi previsti.<\/p>\n\n\n\n<p id=\"90510079\">Finalit\u00e0 e base giuridica del trattamento: in particolare i Suoi dati saranno utilizzati per le seguenti finalit\u00e0 relative all\u2019esecuzione di misure connesse ad obblighi contrattuali o pre-contrattuali:<\/p>\n\n\n\n<ul class=\"wp-block-list\">\n<li>gestione dei cookie necessari per il portale (i cookie tecnici sono indispensabili per il corretto funzionamento del sito e vengono utilizzati al solo scopo di gestire diversi servizi legati al sito stesso, come ad esempio un login).<\/li>\n<\/ul>\n\n\n\n<p id=\"90510039\">I Suoi dati personali potranno inoltre, previo suo consenso, essere utilizzati per le seguenti finalit\u00e0:<\/p>\n\n\n\n<ul class=\"wp-block-list\">\n<li>gestione dei cookie marketing non tecnici per il portale (i cookie di marketing vengono utilizzati per tenere traccia dei visitatori sui siti web. L&#8217;intenzione \u00e8 quella di visualizzare annunci pertinenti e coinvolgenti per il singolo utente e quindi pi\u00f9 preziosi per editori e inserzionisti terzi);<\/li>\n\n\n\n<li>gestione dei cookie statistici non tecnici per il portale (i cookie statistici aiutano i proprietari di siti web a capire come i visitatori interagiscono con i siti raccogliendo e riportando informazioni in forma anonima).<\/li>\n<\/ul>\n\n\n\n<p id=\"90510040\">Il conferimento dei dati \u00e8 per Lei facoltativo riguardo alle sopraindicate finalit\u00e0, ed un suo eventuale rifiuto al trattamento non compromette la prosecuzione del rapporto o la congruit\u00e0 del trattamento stesso.<\/p>\n\n\n\n<p id=\"90510041\">Modalit\u00e0 del trattamento. I suoi dati personali potranno essere trattati nei seguenti modi:<\/p>\n\n\n\n<ul class=\"wp-block-list\">\n<li>a mezzo calcolatori elettronici con utilizzo di sistemi software gestiti da Terzi;<\/li>\n\n\n\n<li>a mezzo calcolatori elettronici con utilizzo di sistemi software gestiti o programmati direttamente.<\/li>\n<\/ul>\n\n\n\n<p id=\"90510008\">Ogni trattamento avviene nel rispetto delle modalit\u00e0 di cui agli artt. 6, 32 del GDPR e mediante l&#8217;adozione delle adeguate misure di sicurezza previste.<\/p>\n\n\n\n<p id=\"90510010\">I suoi dati saranno trattati unicamente da personale espressamente autorizzato dal Titolare ed, in particolare, dalle seguenti categorie di personale autorizzato:<\/p>\n\n\n\n<ul class=\"wp-block-list\">\n<li>operatori interni alla gestione del portale web;<\/li>\n\n\n\n<li>ufficio Marketing.<\/li>\n<\/ul>\n\n\n\n<p id=\"90510009\">Comunicazione: i suoi dati potranno essere comunicati a soggetti esterni per una corretta gestione del rapporto ed in particolare alle seguenti categorie di Destinatari tra cui tutti i Responsabili del Trattamento debitamente nominati:<\/p>\n\n\n\n<ul class=\"wp-block-list\">\n<li>provider di servizi web per la gestione e il mantenimento della piattaforma.<\/li>\n<\/ul>\n\n\n\n<p id=\"90510084\">Comunicazioni a Terze Parti: I suoi dati potranno essere comunicati a soggetti esterni per una corretta gestione del rapporto e in particolare alle seguenti categorie di Destinatari identificati come Terze Parti:<\/p>\n\n\n\n<ul class=\"wp-block-list\">\n<li>Facebook &#8211; https:\/\/www.facebook.com\/about\/privacy\/;<\/li>\n\n\n\n<li>Google &#8211; https:\/\/business.safety.google\/privacy;<\/li>\n\n\n\n<li>Google reCAPTCHA &#8211; https:\/\/business.safety.google\/privacy\/;<\/li>\n\n\n\n<li>WPML.<\/li>\n<\/ul>\n\n\n\n<p id=\"90510042\">Diffusione: I suoi dati personali non verranno diffusi in alcun modo.<\/p>\n\n\n\n<p id=\"90510044\">I suoi dati personali potranno inoltre essere trasferiti, limitatamente alle finalit\u00e0 sopra riportate, nei seguenti stati:<\/p>\n\n\n\n<ul class=\"wp-block-list\">\n<li>paesi UE.<\/li>\n<\/ul>\n\n\n\n<p id=\"90510034\">Periodo di Conservazione. Le segnaliamo che, nel rispetto dei principi di liceit\u00e0, limitazione delle finalit\u00e0 e minimizzazione dei dati, ai sensi dell\u2019art. 5 del GDPR, il periodo di conservazione dei Suoi dati personali \u00e8:<\/p>\n\n\n\n<ul class=\"wp-block-list\">\n<li>180 giorni: google recaptcha;<\/li>\n\n\n\n<li>182 giorni: privacylab;<\/li>\n\n\n\n<li>390 giorni: doubleclick\/google marketing;<\/li>\n\n\n\n<li>730 giorni: google analytics,;<\/li>\n\n\n\n<li>90 giorni: facebook, google;<\/li>\n\n\n\n<li>permanente: , meta platforms, inc., google,;<\/li>\n\n\n\n<li>sessione: wpml.<\/li>\n<\/ul>\n\n\n\n<p id=\"90510045\">Gestione dei cookie: nel caso in cui Lei abbia dubbi o preoccupazioni in merito all&#8217;utilizzo dei cookie Le \u00e8 sempre possibile intervenire per impedirne l&#8217;impostazione e la lettura, ad esempio modificando le impostazioni sulla privacy all&#8217;interno del Suo browser al fine di bloccarne determinati tipi.<\/p>\n\n\n\n<p id=\"90510046\">Poich\u00e9 ciascun browser &#8211; e spesso diverse versioni dello stesso browser &#8211; differiscono anche sensibilmente le une dalle altre se preferisce agire autonomamente mediante le preferenze del Suo browser pu\u00f2 trovare informazioni dettagliate sulla procedura necessaria nella guida del Suo browser. Per una panoramica delle modalit\u00e0 di azione per i browser pi\u00f9 comuni, pu\u00f2 visitare l&#8217;indirizzo www.cookiepedia.co.uk.<\/p>\n\n\n\n<p id=\"90510047\">Le societ\u00e0 pubblicitarie consentono inoltre di rinunciare alla ricezione di annunci mirati, se lo si desidera. Ci\u00f2 non impedisce l&#8217;impostazione dei cookie, ma interrompe l&#8217;utilizzo e la raccolta di alcuni dati da parte di tali societ\u00e0.<\/p>\n\n\n\n<p id=\"90510048\">Per maggiori informazioni e possibilit\u00e0 di rinuncia, visitare l&#8217;indirizzo www.youronlinechoices.eu\/.<\/p>\n\n\n\n<p id=\"90510049\">Titolare: il Titolare del trattamento dei dati, ai sensi della Legge, \u00e8 PHARMANUTRA S.p.A. (Via Campodavela, 1 , 56122 PISA (PI), P. IVA 01679440501).<\/p>\n\n\n\n<p id=\"90510013\">Lei ha diritto di ottenere dal titolare la cancellazione (diritto all&#8217;oblio), la limitazione, l&#8217;aggiornamento, la rettificazione, la portabilit\u00e0, l&#8217;opposizione al trattamento dei dati personali che La riguardano, nonch\u00e9 in generale pu\u00f2 esercitare tutti i diritti previsti dagli artt. 15, 16, 17, 18, 19, 20, 21, 22 del GDPR.<\/p>\n\n\n\n<h3 class=\"wp-block-heading\" id=\"90510019\">Reg.to UE 2016\/679: Artt. 15, 16, 17, 18, 19, 20, 21, 22 &#8211; Diritti dell&#8217;Interessato<\/h3>\n\n\n\n<p id=\"90510020\">1. L&#8217;interessato ha diritto di ottenere la conferma dell&#8217;esistenza o meno di dati personali che lo riguardano, anche se non ancora registrati, la loro comunicazione in forma intelligibile e la possibilit\u00e0 di effettuare reclamo presso l\u2019Autorit\u00e0 di controllo.<\/p>\n\n\n\n<p id=\"90510021\">2. L&#8217;interessato ha diritto di ottenere l&#8217;indicazione:<\/p>\n\n\n\n<ol style=\"list-style-type:lower-alpha\" class=\"wp-block-list\">\n<li>dell&#8217;origine dei dati personali;<\/li>\n\n\n\n<li>delle finalit\u00e0 e modalit\u00e0 del trattamento;<\/li>\n\n\n\n<li>della logica applicata in caso di trattamento effettuato con l&#8217;ausilio di strumenti elettronici;<\/li>\n\n\n\n<li>degli estremi identificativi del titolare, dei responsabili e del rappresentante designato ai sensi dell&#8217;articolo 5, comma 2;<\/li>\n\n\n\n<li>dei soggetti o delle categorie di soggetti ai quali i dati personali possono essere comunicati o che possono venirne a conoscenza in qualit\u00e0 di rappresentante designato nel territorio dello Stato, di responsabili o incaricati.<\/li>\n<\/ol>\n\n\n\n<p id=\"90510025\">3. L&#8217;interessato ha diritto di ottenere:<\/p>\n\n\n\n<ol style=\"list-style-type:lower-alpha\" class=\"wp-block-list\">\n<li>l&#8217;aggiornamento, la rettificazione ovvero, quando vi ha interesse, l&#8217;integrazione dei dati;<\/li>\n\n\n\n<li>la cancellazione, la trasformazione in forma anonima o il blocco dei dati trattati in violazione di legge, compresi quelli di cui non \u00e8 necessaria la conservazione in relazione agli scopi per i quali i dati sono stati raccolti o successivamente trattati;<\/li>\n\n\n\n<li>l&#8217;attestazione che le operazioni di cui alle lettere a) e b) sono state portate a conoscenza, anche per quanto riguarda il loro contenuto, di coloro ai quali i dati sono stati comunicati o diffusi, eccettuato il caso in cui tale adempimento si rivela impossibile o comporta un impiego di mezzi manifestamente sproporzionato rispetto al diritto tutelato;<\/li>\n\n\n\n<li>la portabilit\u00e0 dei dati.<\/li>\n<\/ol>\n\n\n\n<p id=\"90510027\">4. L&#8217;interessato ha diritto di opporsi, in tutto o in parte:<\/p>\n\n\n\n<ol style=\"list-style-type:lower-alpha\" class=\"wp-block-list\">\n<li>per motivi legittimi al trattamento dei dati personali che lo riguardano, ancorch\u00e9 pertinenti allo scopo della raccolta;<\/li>\n\n\n\n<li>al trattamento di dati personali che lo riguardano a fini di invio di materiale pubblicitario o di vendita diretta o per il compimento di ricerche di mercato o di comunicazione commerciale.<\/li>\n<\/ol>\n","protected":false},"excerpt":{"rendered":"<p>Informativa sul trattamento dei dati personali ex artt. 13-14 Reg.to UE 2016\/679 Soggetti Interessati: Navigatori del portale apportal.it. PHARMANUTRA S.p.A. nella qualit\u00e0 di Titolare del trattamento dei Suoi dati personali, ai sensi e per gli effetti del Reg.to UE 2016\/679 di seguito &#8216;GDPR&#8217;, con la presente La informa che la citata normativa prevede la tutela [&hellip;]<\/p>\n","protected":false},"author":1,"featured_media":0,"parent":0,"menu_order":0,"comment_status":"closed","ping_status":"closed","template":"templates\/theme-page.php","meta":{"footnotes":""},"class_list":["post-1202","page","type-page","status-publish","hentry"],"yoast_head":"<!-- This site is optimized with the Yoast SEO plugin v27.3 - https:\/\/yoast.com\/product\/yoast-seo-wordpress\/ -->\n<title>Privacy &amp; Cookie Policy - Apportal<\/title>\n<meta name=\"robots\" content=\"index, follow, max-snippet:-1, max-image-preview:large, max-video-preview:-1\" \/>\n<link rel=\"canonical\" href=\"https:\/\/apportal.it\/it\/privacy-cookie-policy\/\" \/>\n<meta property=\"og:locale\" content=\"it_IT\" \/>\n<meta property=\"og:type\" content=\"article\" \/>\n<meta property=\"og:title\" content=\"Privacy &amp; Cookie Policy - Apportal\" \/>\n<meta property=\"og:description\" content=\"Informativa sul trattamento dei dati personali ex artt. 13-14 Reg.to UE 2016\/679 Soggetti Interessati: Navigatori del portale apportal.it. PHARMANUTRA S.p.A. nella qualit\u00e0 di Titolare del trattamento dei Suoi dati personali, ai sensi e per gli effetti del Reg.to UE 2016\/679 di seguito &#8216;GDPR&#8217;, con la presente La informa che la citata normativa prevede la tutela [&hellip;]\" \/>\n<meta property=\"og:url\" content=\"https:\/\/apportal.it\/it\/privacy-cookie-policy\/\" \/>\n<meta property=\"og:site_name\" content=\"Apportal\" \/>\n<meta property=\"article:modified_time\" content=\"2025-05-28T19:51:34+00:00\" \/>\n<meta name=\"twitter:card\" content=\"summary_large_image\" \/>\n<meta name=\"twitter:label1\" content=\"Tempo di lettura stimato\" \/>\n\t<meta name=\"twitter:data1\" content=\"6 minuti\" \/>\n<script type=\"application\/ld+json\" class=\"yoast-schema-graph\">{\"@context\":\"https:\\\/\\\/schema.org\",\"@graph\":[{\"@type\":\"WebPage\",\"@id\":\"https:\\\/\\\/apportal.it\\\/it\\\/privacy-cookie-policy\\\/\",\"url\":\"https:\\\/\\\/apportal.it\\\/it\\\/privacy-cookie-policy\\\/\",\"name\":\"Privacy &amp; Cookie Policy - Apportal\",\"isPartOf\":{\"@id\":\"https:\\\/\\\/apportal.it\\\/it\\\/#website\"},\"datePublished\":\"2025-05-28T12:31:16+00:00\",\"dateModified\":\"2025-05-28T19:51:34+00:00\",\"breadcrumb\":{\"@id\":\"https:\\\/\\\/apportal.it\\\/it\\\/privacy-cookie-policy\\\/#breadcrumb\"},\"inLanguage\":\"it-IT\",\"potentialAction\":[{\"@type\":\"ReadAction\",\"target\":[\"https:\\\/\\\/apportal.it\\\/it\\\/privacy-cookie-policy\\\/\"]}]},{\"@type\":\"BreadcrumbList\",\"@id\":\"https:\\\/\\\/apportal.it\\\/it\\\/privacy-cookie-policy\\\/#breadcrumb\",\"itemListElement\":[{\"@type\":\"ListItem\",\"position\":1,\"name\":\"Home\",\"item\":\"https:\\\/\\\/apportal.it\\\/it\\\/\"},{\"@type\":\"ListItem\",\"position\":2,\"name\":\"Privacy &amp; Cookie Policy\"}]},{\"@type\":\"WebSite\",\"@id\":\"https:\\\/\\\/apportal.it\\\/it\\\/#website\",\"url\":\"https:\\\/\\\/apportal.it\\\/it\\\/\",\"name\":\"Apportal\",\"description\":\"\",\"publisher\":{\"@id\":\"https:\\\/\\\/apportal.it\\\/it\\\/#organization\"},\"potentialAction\":[{\"@type\":\"SearchAction\",\"target\":{\"@type\":\"EntryPoint\",\"urlTemplate\":\"https:\\\/\\\/apportal.it\\\/it\\\/?s={search_term_string}\"},\"query-input\":{\"@type\":\"PropertyValueSpecification\",\"valueRequired\":true,\"valueName\":\"search_term_string\"}}],\"inLanguage\":\"it-IT\"},{\"@type\":\"Organization\",\"@id\":\"https:\\\/\\\/apportal.it\\\/it\\\/#organization\",\"name\":\"Apportal\",\"url\":\"https:\\\/\\\/apportal.it\\\/it\\\/\",\"logo\":{\"@type\":\"ImageObject\",\"inLanguage\":\"it-IT\",\"@id\":\"https:\\\/\\\/apportal.it\\\/it\\\/#\\\/schema\\\/logo\\\/image\\\/\",\"url\":\"https:\\\/\\\/apportal.it\\\/wp-content\\\/uploads\\\/2025\\\/05\\\/apportal_logo.png\",\"contentUrl\":\"https:\\\/\\\/apportal.it\\\/wp-content\\\/uploads\\\/2025\\\/05\\\/apportal_logo.png\",\"width\":964,\"height\":264,\"caption\":\"Apportal\"},\"image\":{\"@id\":\"https:\\\/\\\/apportal.it\\\/it\\\/#\\\/schema\\\/logo\\\/image\\\/\"}}]}<\/script>\n<!-- \/ Yoast SEO plugin. -->","yoast_head_json":{"title":"Privacy &amp; Cookie Policy - Apportal","robots":{"index":"index","follow":"follow","max-snippet":"max-snippet:-1","max-image-preview":"max-image-preview:large","max-video-preview":"max-video-preview:-1"},"canonical":"https:\/\/apportal.it\/it\/privacy-cookie-policy\/","og_locale":"it_IT","og_type":"article","og_title":"Privacy &amp; Cookie Policy - Apportal","og_description":"Informativa sul trattamento dei dati personali ex artt. 13-14 Reg.to UE 2016\/679 Soggetti Interessati: Navigatori del portale apportal.it. PHARMANUTRA S.p.A. nella qualit\u00e0 di Titolare del trattamento dei Suoi dati personali, ai sensi e per gli effetti del Reg.to UE 2016\/679 di seguito &#8216;GDPR&#8217;, con la presente La informa che la citata normativa prevede la tutela [&hellip;]","og_url":"https:\/\/apportal.it\/it\/privacy-cookie-policy\/","og_site_name":"Apportal","article_modified_time":"2025-05-28T19:51:34+00:00","twitter_card":"summary_large_image","twitter_misc":{"Tempo di lettura stimato":"6 minuti"},"schema":{"@context":"https:\/\/schema.org","@graph":[{"@type":"WebPage","@id":"https:\/\/apportal.it\/it\/privacy-cookie-policy\/","url":"https:\/\/apportal.it\/it\/privacy-cookie-policy\/","name":"Privacy &amp; Cookie Policy - Apportal","isPartOf":{"@id":"https:\/\/apportal.it\/it\/#website"},"datePublished":"2025-05-28T12:31:16+00:00","dateModified":"2025-05-28T19:51:34+00:00","breadcrumb":{"@id":"https:\/\/apportal.it\/it\/privacy-cookie-policy\/#breadcrumb"},"inLanguage":"it-IT","potentialAction":[{"@type":"ReadAction","target":["https:\/\/apportal.it\/it\/privacy-cookie-policy\/"]}]},{"@type":"BreadcrumbList","@id":"https:\/\/apportal.it\/it\/privacy-cookie-policy\/#breadcrumb","itemListElement":[{"@type":"ListItem","position":1,"name":"Home","item":"https:\/\/apportal.it\/it\/"},{"@type":"ListItem","position":2,"name":"Privacy &amp; Cookie Policy"}]},{"@type":"WebSite","@id":"https:\/\/apportal.it\/it\/#website","url":"https:\/\/apportal.it\/it\/","name":"Apportal","description":"","publisher":{"@id":"https:\/\/apportal.it\/it\/#organization"},"potentialAction":[{"@type":"SearchAction","target":{"@type":"EntryPoint","urlTemplate":"https:\/\/apportal.it\/it\/?s={search_term_string}"},"query-input":{"@type":"PropertyValueSpecification","valueRequired":true,"valueName":"search_term_string"}}],"inLanguage":"it-IT"},{"@type":"Organization","@id":"https:\/\/apportal.it\/it\/#organization","name":"Apportal","url":"https:\/\/apportal.it\/it\/","logo":{"@type":"ImageObject","inLanguage":"it-IT","@id":"https:\/\/apportal.it\/it\/#\/schema\/logo\/image\/","url":"https:\/\/apportal.it\/wp-content\/uploads\/2025\/05\/apportal_logo.png","contentUrl":"https:\/\/apportal.it\/wp-content\/uploads\/2025\/05\/apportal_logo.png","width":964,"height":264,"caption":"Apportal"},"image":{"@id":"https:\/\/apportal.it\/it\/#\/schema\/logo\/image\/"}}]}},"_links":{"self":[{"href":"https:\/\/apportal.it\/it\/wp-json\/wp\/v2\/pages\/1202","targetHints":{"allow":["GET"]}}],"collection":[{"href":"https:\/\/apportal.it\/it\/wp-json\/wp\/v2\/pages"}],"about":[{"href":"https:\/\/apportal.it\/it\/wp-json\/wp\/v2\/types\/page"}],"author":[{"embeddable":true,"href":"https:\/\/apportal.it\/it\/wp-json\/wp\/v2\/users\/1"}],"replies":[{"embeddable":true,"href":"https:\/\/apportal.it\/it\/wp-json\/wp\/v2\/comments?post=1202"}],"version-history":[{"count":4,"href":"https:\/\/apportal.it\/it\/wp-json\/wp\/v2\/pages\/1202\/revisions"}],"predecessor-version":[{"id":1253,"href":"https:\/\/apportal.it\/it\/wp-json\/wp\/v2\/pages\/1202\/revisions\/1253"}],"wp:attachment":[{"href":"https:\/\/apportal.it\/it\/wp-json\/wp\/v2\/media?parent=1202"}],"curies":[{"name":"wp","href":"https:\/\/api.w.org\/{rel}","templated":true}]}}